{"id":63,"date":"2018-09-17T10:14:34","date_gmt":"2018-09-17T08:14:34","guid":{"rendered":"http:\/\/boenninghardt.de\/?page_id=63"},"modified":"2025-01-19T12:28:59","modified_gmt":"2025-01-19T11:28:59","slug":"vereine","status":"publish","type":"page","link":"http:\/\/boenninghardt.de\/?page_id=63","title":{"rendered":"Vereine"},"content":{"rendered":"<p>Auf der B\u00f6nninghardt existieren folgende Vereine und Gruppen:<\/p>\n<ul>\n<li>BSV 1951 Rot-Wei\u00df B\u00f6nninghardt e.V.<\/li>\n<li>B\u00fcrgersch\u00fctzenverein B\u00f6nninghardt e.V.<\/li>\n<li>B\u00fcrgersch\u00fctzenverein Eintracht B\u00f6nninghardt-Vierquartieren e.V.<\/li>\n<li>Elferrat &#8222;Besenbinder&#8220; B\u00f6nninghardt<\/li>\n<li>Evangelische Frauenhilfe<\/li>\n<li>B\u00f6nninghardter F\u00f6rderverein f\u00fcr Naturschutz und Brauchtum e.V.<\/li>\n<li>Jugendgruppe B\u00f6nninghardt e.V. (JuBo)<\/li>\n<li>Kreis der Frauen St. Vinzenz B\u00f6nninghardt<\/li>\n<li>Katholischer Kirchenchor C\u00e4cilia<\/li>\n<li>K\u00fcnstlergemeinschaft Alpen e.V.<\/li>\n<li>Strickgruppe f\u00fcr Lepra-Kranke (Leprastrickkreis\/Woll- Ladys)<\/li>\n<li>Seniorengemeinschaft B\u00f6nninghardt<\/li>\n<li>St. Martin Komitee<\/li>\n<li>Tambourcorps\u00a0 B\u00f6nninghardt-Saalhof<\/li>\n<\/ul>\n","protected":false},"excerpt":{"rendered":"<p>Auf der B\u00f6nninghardt existieren folgende Vereine und Gruppen: BSV 1951 Rot-Wei\u00df B\u00f6nninghardt e.V. B\u00fcrgersch\u00fctzenverein B\u00f6nninghardt e.V. B\u00fcrgersch\u00fctzenverein Eintracht B\u00f6nninghardt-Vierquartieren e.V. Elferrat &#8222;Besenbinder&#8220; B\u00f6nninghardt Evangelische Frauenhilfe B\u00f6nninghardter F\u00f6rderverein f\u00fcr Naturschutz und Brauchtum e.V. Jugendgruppe B\u00f6nninghardt e.V. (JuBo) Kreis der Frauen St.<\/p>\n","protected":false},"author":1,"featured_media":0,"parent":0,"menu_order":0,"comment_status":"closed","ping_status":"closed","template":"","meta":{"footnotes":""},"class_list":["post-63","page","type-page","status-publish","hentry"],"_links":{"self":[{"href":"http:\/\/boenninghardt.de\/index.php?rest_route=\/wp\/v2\/pages\/63","targetHints":{"allow":["GET"]}}],"collection":[{"href":"http:\/\/boenninghardt.de\/index.php?rest_route=\/wp\/v2\/pages"}],"about":[{"href":"http:\/\/boenninghardt.de\/index.php?rest_route=\/wp\/v2\/types\/page"}],"author":[{"embeddable":true,"href":"http:\/\/boenninghardt.de\/index.php?rest_route=\/wp\/v2\/users\/1"}],"replies":[{"embeddable":true,"href":"http:\/\/boenninghardt.de\/index.php?rest_route=%2Fwp%2Fv2%2Fcomments&post=63"}],"version-history":[{"count":7,"href":"http:\/\/boenninghardt.de\/index.php?rest_route=\/wp\/v2\/pages\/63\/revisions"}],"predecessor-version":[{"id":2662,"href":"http:\/\/boenninghardt.de\/index.php?rest_route=\/wp\/v2\/pages\/63\/revisions\/2662"}],"wp:attachment":[{"href":"http:\/\/boenninghardt.de\/index.php?rest_route=%2Fwp%2Fv2%2Fmedia&parent=63"}],"curies":[{"name":"wp","href":"https:\/\/api.w.org\/{rel}","templated":true}]}}