{"id":2788,"date":"2026-03-29T12:29:18","date_gmt":"2026-03-29T10:29:18","guid":{"rendered":"http:\/\/boenninghardt.de\/?page_id=2788"},"modified":"2026-03-29T12:55:56","modified_gmt":"2026-03-29T10:55:56","slug":"buergerschuetzenverein-boenninghardt-e-v","status":"publish","type":"page","link":"http:\/\/boenninghardt.de\/?page_id=2788","title":{"rendered":"B\u00fcrgersch\u00fctzenverein B\u00f6nninghardt e.V."},"content":{"rendered":"<p>1. Vorsitzender<br \/>\nLothar Regnier<br \/>\nM\u00fchlenweg 83<br \/>\n46519 Alpen<\/p>\n<p><strong>Kontakt: <\/strong><br \/>\nTel. +49 1575 2848394<br \/>\nMail info@buergerschuetzenverein-boenninghardt.de<\/p>\n<p>Web Seite <a href=\"https:\/\/buergerschuetzenverein-boenninghardt.de\/\" target=\"_blank\" rel=\"noopener\">https:\/\/buergerschuetzenverein-boenninghardt.de\/<\/a><\/p>\n","protected":false},"excerpt":{"rendered":"<p>1. Vorsitzender Lothar Regnier M\u00fchlenweg 83 46519 Alpen Kontakt: Tel. +49 1575 2848394 Mail info@buergerschuetzenverein-boenninghardt.de Web Seite https:\/\/buergerschuetzenverein-boenninghardt.de\/<\/p>\n","protected":false},"author":3,"featured_media":0,"parent":0,"menu_order":0,"comment_status":"closed","ping_status":"closed","template":"","meta":{"footnotes":""},"class_list":["post-2788","page","type-page","status-publish","hentry"],"_links":{"self":[{"href":"http:\/\/boenninghardt.de\/index.php?rest_route=\/wp\/v2\/pages\/2788","targetHints":{"allow":["GET"]}}],"collection":[{"href":"http:\/\/boenninghardt.de\/index.php?rest_route=\/wp\/v2\/pages"}],"about":[{"href":"http:\/\/boenninghardt.de\/index.php?rest_route=\/wp\/v2\/types\/page"}],"author":[{"embeddable":true,"href":"http:\/\/boenninghardt.de\/index.php?rest_route=\/wp\/v2\/users\/3"}],"replies":[{"embeddable":true,"href":"http:\/\/boenninghardt.de\/index.php?rest_route=%2Fwp%2Fv2%2Fcomments&post=2788"}],"version-history":[{"count":3,"href":"http:\/\/boenninghardt.de\/index.php?rest_route=\/wp\/v2\/pages\/2788\/revisions"}],"predecessor-version":[{"id":2792,"href":"http:\/\/boenninghardt.de\/index.php?rest_route=\/wp\/v2\/pages\/2788\/revisions\/2792"}],"wp:attachment":[{"href":"http:\/\/boenninghardt.de\/index.php?rest_route=%2Fwp%2Fv2%2Fmedia&parent=2788"}],"curies":[{"name":"wp","href":"https:\/\/api.w.org\/{rel}","templated":true}]}}